{"id":2719,"date":"2019-02-12T15:29:14","date_gmt":"2019-02-12T14:29:14","guid":{"rendered":"https:\/\/bnbdemoerbei.nl\/unsere-zimmer\/"},"modified":"2023-02-25T19:26:17","modified_gmt":"2023-02-25T18:26:17","slug":"unsere-zimmer","status":"publish","type":"page","link":"https:\/\/bnbdemoerbei.nl\/de\/unsere-zimmer\/","title":{"rendered":"Unsere B&amp;B-Zimmer auf Texel"},"content":{"rendered":"\n[et_pb_section fb_built=&#8220;1&#8243; _builder_version=&#8220;4.16&#8243; global_colors_info=&#8220;{}&#8220;][et_pb_row column_structure=&#8220;1_2,1_2&#8243; _builder_version=&#8220;4.16&#8243; background_size=&#8220;initial&#8220; background_position=&#8220;top_left&#8220; background_repeat=&#8220;repeat&#8220; global_colors_info=&#8220;{}&#8220;][et_pb_column type=&#8220;1_2&#8243; _builder_version=&#8220;4.16&#8243; custom_padding=&#8220;|||&#8220; global_colors_info=&#8220;{}&#8220; custom_padding__hover=&#8220;|||&#8220;][et_pb_image src=&#8220;https:\/\/bnbdemoerbei.nl\/wp-content\/uploads\/2020\/06\/LiselotteSchoo_De-Moerbei_juni2020-08687-klein.jpg&#8220; alt=&#8220;BnB De Moerbei Texel De Cocksdorp&#8220; title_text=&#8220;BnB De Moerbei Texel De Cocksdorp&#8220; _builder_version=&#8220;4.19.5&#8243; _module_preset=&#8220;default&#8220; global_colors_info=&#8220;{}&#8220;][\/et_pb_image][\/et_pb_column][et_pb_column type=&#8220;1_2&#8243; _builder_version=&#8220;4.16&#8243; custom_padding=&#8220;|||&#8220; global_colors_info=&#8220;{}&#8220; custom_padding__hover=&#8220;|||&#8220;][et_pb_text _builder_version=&#8220;4.19.5&#8243; global_colors_info=&#8220;{}&#8220;]<p><span style=\"font-weight: 400;\">Unser B&amp;B hat drei stimmungsvolle Zimmer in zentraler Lage im <\/span><span style=\"font-weight: 400;\">im Norden von Texel und bietet Platz, Strand, sch\u00f6ne Natur, aber auch Gem\u00fctlichkeit! <\/span> <\/p>\n<p><span style=\"font-weight: 400;\">Im Cockdorp befindet sich unser sch\u00f6nes, denkmalgesch\u00fctztes Geb\u00e4ude mit einem sch\u00f6nen, gepflegten Garten. Wenn das Wetter es zul\u00e4sst, k\u00f6nnen Sie hier unser liebevoll zubereitetes Fr\u00fchst\u00fcck genie\u00dfen. <\/span><\/p>\n<p><span style=\"font-weight: 400;\">BnB De Moerbei ist ein idealer Ausgangspunkt, um Texel zu erkunden. <\/span><\/p>[\/et_pb_text][\/et_pb_column][\/et_pb_row][et_pb_row column_structure=&#8220;1_2,1_2&#8243; _builder_version=&#8220;4.16&#8243; background_size=&#8220;initial&#8220; background_position=&#8220;top_left&#8220; background_repeat=&#8220;repeat&#8220; global_colors_info=&#8220;{}&#8220;][et_pb_column type=&#8220;1_2&#8243; _builder_version=&#8220;4.16&#8243; custom_padding=&#8220;|||&#8220; global_colors_info=&#8220;{}&#8220; custom_padding__hover=&#8220;|||&#8220;][et_pb_gallery gallery_ids=&#8220;2619,2616,1954,2613,2567,2637,820,2570,1952,812,1868,806,808,1896,1358&#8243; fullwidth=&#8220;on&#8220; db_image_max_width_tablet=&#8220;51&#8243; db_image_max_height_tablet=&#8220;501&#8243; db_image_row_spacing_tablet=&#8220;51&#8243; db_image_center_titles=&#8220;left&#8220; dbdb_version=&#8220;4.1.2&#8243; _builder_version=&#8220;4.16&#8243; global_colors_info=&#8220;{}&#8220;][\/et_pb_gallery][\/et_pb_column][et_pb_column type=&#8220;1_2&#8243; _builder_version=&#8220;4.16&#8243; custom_padding=&#8220;|||&#8220; global_colors_info=&#8220;{}&#8220; custom_padding__hover=&#8220;|||&#8220;][et_pb_testimonial quote_icon=&#8220;off&#8220; admin_label=&#8220;Nigra&#8220; _builder_version=&#8220;4.19.5&#8243; global_colors_info=&#8220;{}&#8220;]<h2 class=\"be-room-title\">Zimmer Nigra (Schwarze Maulbeere)<\/h2>\n<p><span style=\"font-weight: 400;\">Doppelzimmer komplett ausgestattet. Mit Blick auf den Maulbeerbaum im Hinterhof. Sie k\u00f6nnen den Garten nutzen. Es gibt mehrere Sitzgelegenheiten in der Sonne oder im Schatten. <\/span><\/p>\n<ul>\n<li><span style=\"font-weight: 400;\"> Klimatisierung <\/span><\/li>\n<li><span style=\"font-weight: 400;\"> Boxspringbetten<\/span><\/li>\n<li><span style=\"font-weight: 400;\"> ein eigenes Bad und eine eigene Toilette <\/span><\/li>\n<li><span style=\"font-weight: 400;\"> Essbereich <\/span><\/li>\n<li><span style=\"font-weight: 400;\"> TV <\/span><\/li>\n<li><span style=\"font-weight: 400;\"> K\u00fchlschrank<\/span><\/li>\n<li><span style=\"font-weight: 400;\"> Kaffee- und Teezubereitung auf dem Zimmer<\/span><\/li>\n<\/ul>[\/et_pb_testimonial][et_pb_code admin_label=&#8220;Code RoomRaccoon boeken&#8220; _builder_version=&#8220;4.19.5&#8243; global_module=&#8220;2504&#8243; saved_tabs=&#8220;all&#8220; global_colors_info=&#8220;{}&#8220;]<a href=\"https:\/\/booking.roomraccoon.com\/de-moerbei\/nl\/\" target=\"_blank\" id=\"RoomRaccoonButton1-nl\" style=\"position:relative; font-size:17px; line-height:36px; padding:7px 16px; border:none; border-radius:5px; background:#F6931D; color:#fff; cursor:pointer; text-decoration:none;\" rel=\"noopener\">Nu boeken<\/a>[\/et_pb_code][\/et_pb_column][\/et_pb_row][\/et_pb_section][et_pb_section fb_built=&#8220;1&#8243; _builder_version=&#8220;4.16&#8243; global_colors_info=&#8220;{}&#8220;][et_pb_row column_structure=&#8220;1_2,1_2&#8243; _builder_version=&#8220;4.16&#8243; background_size=&#8220;initial&#8220; background_position=&#8220;top_left&#8220; background_repeat=&#8220;repeat&#8220; global_colors_info=&#8220;{}&#8220;][et_pb_column type=&#8220;1_2&#8243; _builder_version=&#8220;4.16&#8243; custom_padding=&#8220;|||&#8220; global_colors_info=&#8220;{}&#8220; custom_padding__hover=&#8220;|||&#8220;][et_pb_gallery gallery_ids=&#8220;2631,2628,2576,2625,2622,2573,2579,2582,806,1868,820,1954,812,808,1896,1358&#8243; fullwidth=&#8220;on&#8220; db_image_max_width_tablet=&#8220;51&#8243; db_image_max_height_tablet=&#8220;501&#8243; db_image_row_spacing_tablet=&#8220;51&#8243; db_image_center_titles=&#8220;left&#8220; dbdb_version=&#8220;4.1.2&#8243; _builder_version=&#8220;4.16&#8243; global_colors_info=&#8220;{}&#8220;][\/et_pb_gallery][\/et_pb_column][et_pb_column type=&#8220;1_2&#8243; _builder_version=&#8220;4.16&#8243; custom_padding=&#8220;|||&#8220; global_colors_info=&#8220;{}&#8220; custom_padding__hover=&#8220;|||&#8220;][et_pb_testimonial quote_icon=&#8220;off&#8220; admin_label=&#8220;Rubra&#8220; _builder_version=&#8220;4.19.5&#8243; global_colors_info=&#8220;{}&#8220;]<h2 class=\"be-room-title\">Kammer Rubra (Rote Maulbeere)<\/h2>\n<p><span style=\"font-weight: 400;\">Gem\u00fctliches Doppelzimmer mit sch\u00f6nem Blick auf die Kikkertstraat. Das gro\u00dfe, helle Zimmer ist komplett ausgestattet:<\/span><\/p>\n<ul>\n<li><span style=\"font-weight: 400;\"> Klimatisierung <\/span><\/li>\n<li><span style=\"font-weight: 400;\"> herrliche Boxspringbetten<\/span><\/li>\n<li><span style=\"font-weight: 400;\"> ein eigenes Badezimmer mit Dusche und Toilette <\/span><\/li>\n<li><span style=\"font-weight: 400;\"> Essbereich <\/span><\/li>\n<li><span style=\"font-weight: 400;\"> Kaffee- und Teezubereitungsm\u00f6glichkeiten auf dem Zimmer<\/span><\/li>\n<li><span style=\"font-weight: 400;\"> TV <\/span><\/li>\n<li><span style=\"font-weight: 400;\"> K\u00fchlschrank <\/span><\/li>\n<li><span style=\"font-weight: 400;\"> Ein k\u00f6stliches Fr\u00fchst\u00fcck wartet auf Sie<\/span><\/li>\n<\/ul>\n<p><span style=\"font-weight: 400;\">Sie k\u00f6nnen auch den Garten nutzen. <\/span><\/p>\n<p><span style=\"font-weight: 400;\">Es gibt mehrere Sitzbereiche, so dass Sie den ganzen Tag die Sonne genie\u00dfen k\u00f6nnen <\/span><span style=\"font-weight: 400;\">oder einfach den Schatten genie\u00dfen.<\/span><\/p>[\/et_pb_testimonial][et_pb_code admin_label=&#8220;Code RoomRaccoon boeken&#8220; _builder_version=&#8220;4.19.5&#8243; global_module=&#8220;2504&#8243; saved_tabs=&#8220;all&#8220; global_colors_info=&#8220;{}&#8220;]<a href=\"https:\/\/booking.roomraccoon.com\/de-moerbei\/nl\/\" target=\"_blank\" id=\"RoomRaccoonButton1-nl\" style=\"position:relative; font-size:17px; line-height:36px; padding:7px 16px; border:none; border-radius:5px; background:#F6931D; color:#fff; cursor:pointer; text-decoration:none;\" rel=\"noopener\">Nu boeken<\/a>[\/et_pb_code][\/et_pb_column][\/et_pb_row][\/et_pb_section][et_pb_section fb_built=&#8220;1&#8243; _builder_version=&#8220;4.20.0&#8243; hover_enabled=&#8220;0&#8243; global_colors_info=&#8220;{}&#8220; module_id=&#8220;alba&#8220; sticky_enabled=&#8220;0&#8243;][et_pb_row column_structure=&#8220;1_2,1_2&#8243; _builder_version=&#8220;4.16&#8243; background_size=&#8220;initial&#8220; background_position=&#8220;top_left&#8220; background_repeat=&#8220;repeat&#8220; global_colors_info=&#8220;{}&#8220;][et_pb_column type=&#8220;1_2&#8243; _builder_version=&#8220;4.16&#8243; custom_padding=&#8220;|||&#8220; global_colors_info=&#8220;{}&#8220; custom_padding__hover=&#8220;|||&#8220;][et_pb_gallery gallery_ids=&#8220;3542,3551,3548,3545,3560,3566,3569,3557,2698,2683,1868,812,820&#8243; fullwidth=&#8220;on&#8220; db_image_max_width_tablet=&#8220;51&#8243; db_image_max_height_tablet=&#8220;501&#8243; db_image_row_spacing_tablet=&#8220;51&#8243; db_image_center_titles=&#8220;left&#8220; dbdb_version=&#8220;4.1.2&#8243; _builder_version=&#8220;4.16&#8243; global_colors_info=&#8220;{}&#8220;][\/et_pb_gallery][\/et_pb_column][et_pb_column type=&#8220;1_2&#8243; _builder_version=&#8220;4.16&#8243; custom_padding=&#8220;|||&#8220; global_colors_info=&#8220;{}&#8220; custom_padding__hover=&#8220;|||&#8220;][et_pb_testimonial quote_icon=&#8220;off&#8220; admin_label=&#8220;Alba&#8220; _builder_version=&#8220;4.19.5&#8243; global_colors_info=&#8220;{}&#8220;]<h2 class=\"be-room-title\">Zimmer Alba (Wei\u00dfe Maulbeere)<\/h2>\n<p><span style=\"font-weight: 400;\">Ein ger\u00e4umiges Doppelzimmer im Erdgeschoss, <\/span><\/p>\n<p><span style=\"font-weight: 400;\">verf\u00fcgt \u00fcber einen privaten Eingang mit Parkplatz vor dem Haus.<\/span><\/p>\n<p><span style=\"font-weight: 400;\">Das Zimmer ist so ausgestattet, dass es auch f\u00fcr Behinderte geeignet ist<\/span><\/p>\n<ul>\n<li><span style=\"font-weight: 400;\"> ger\u00e4umiges privates (angepasstes) Bad und WC <\/span><\/li>\n<li><span style=\"font-weight: 400;\"> hochwertige Boxspringbetten<\/span><\/li>\n<li><span style=\"font-weight: 400;\"> Esstisch (erh\u00f6ht)<\/span><\/li>\n<li><span style=\"font-weight: 400;\"> TV<\/span><\/li>\n<li><span style=\"font-weight: 400;\"> Kaffee- und Teezubereitungsm\u00f6glichkeiten auf dem Zimmer<\/span><\/li>\n<li><span style=\"font-weight: 400;\"> K\u00fchlschrank<\/span><\/li>\n<li><span style=\"font-weight: 400;\"> Klimatisierung<\/span><\/li>\n<li><span style=\"font-weight: 400;\"> ein leckeres Fr\u00fchst\u00fcck<\/span><\/li>\n<\/ul>\n<p><span style=\"font-weight: 400;\">Sie k\u00f6nnen den Garten nutzen. Es gibt mehrere Sitzgelegenheiten, so dass Sie die Umgebung genie\u00dfen k\u00f6nnen. <\/span><span style=\"font-weight: 400;\">den ganzen Tag \u00fcber die Sonne oder den Schatten genie\u00dfen.<\/span><\/p>\n<p><span style=\"font-weight: 400;\">Haustiere nach Vereinbarung.<\/span><\/p>[\/et_pb_testimonial][et_pb_code admin_label=&#8220;Code RoomRaccoon boeken&#8220; _builder_version=&#8220;4.19.5&#8243; global_module=&#8220;2504&#8243; saved_tabs=&#8220;all&#8220; global_colors_info=&#8220;{}&#8220;]<a href=\"https:\/\/booking.roomraccoon.com\/de-moerbei\/nl\/\" target=\"_blank\" id=\"RoomRaccoonButton1-nl\" style=\"position:relative; font-size:17px; line-height:36px; padding:7px 16px; border:none; border-radius:5px; background:#F6931D; color:#fff; cursor:pointer; text-decoration:none;\" rel=\"noopener\">Nu boeken<\/a>[\/et_pb_code][\/et_pb_column][\/et_pb_row][\/et_pb_section]\n","protected":false},"excerpt":{"rendered":"<p>Unser B&amp;B hat drei stimmungsvolle Zimmer in zentraler Lage im im Norden von Texel und bietet Platz, Strand, sch\u00f6ne Natur, aber auch Gem\u00fctlichkeit! Im Cockdorp befindet sich unser sch\u00f6nes, denkmalgesch\u00fctztes Geb\u00e4ude mit einem sch\u00f6nen, gepflegten Garten. Wenn das Wetter es zul\u00e4sst, k\u00f6nnen Sie hier unser liebevoll zubereitetes Fr\u00fchst\u00fcck genie\u00dfen. BnB De Moerbei ist ein idealer [&hellip;]<\/p>\n","protected":false},"author":1,"featured_media":0,"parent":0,"menu_order":9,"comment_status":"closed","ping_status":"closed","template":"","meta":{"_et_pb_use_builder":"on","_et_pb_old_content":"","_et_gb_content_width":"","footnotes":""},"class_list":["post-2719","page","type-page","status-publish","hentry"],"_links":{"self":[{"href":"https:\/\/bnbdemoerbei.nl\/de\/wp-json\/wp\/v2\/pages\/2719","targetHints":{"allow":["GET"]}}],"collection":[{"href":"https:\/\/bnbdemoerbei.nl\/de\/wp-json\/wp\/v2\/pages"}],"about":[{"href":"https:\/\/bnbdemoerbei.nl\/de\/wp-json\/wp\/v2\/types\/page"}],"author":[{"embeddable":true,"href":"https:\/\/bnbdemoerbei.nl\/de\/wp-json\/wp\/v2\/users\/1"}],"replies":[{"embeddable":true,"href":"https:\/\/bnbdemoerbei.nl\/de\/wp-json\/wp\/v2\/comments?post=2719"}],"version-history":[{"count":0,"href":"https:\/\/bnbdemoerbei.nl\/de\/wp-json\/wp\/v2\/pages\/2719\/revisions"}],"wp:attachment":[{"href":"https:\/\/bnbdemoerbei.nl\/de\/wp-json\/wp\/v2\/media?parent=2719"}],"curies":[{"name":"wp","href":"https:\/\/api.w.org\/{rel}","templated":true}]}}