{"id":1679,"date":"2018-03-08T14:32:39","date_gmt":"2018-03-08T13:32:39","guid":{"rendered":"https:\/\/bnbdemoerbei.nl\/stornierung\/"},"modified":"2022-11-20T09:46:10","modified_gmt":"2022-11-20T08:46:10","slug":"stornierung","status":"publish","type":"page","link":"https:\/\/bnbdemoerbei.nl\/de\/stornierung\/","title":{"rendered":"k\u00fcndigen"},"content":{"rendered":"<h1>Annullierungspolitik<\/h1>\n<h2>Reflexionsphase:<\/h2>\n<p>Bis zu 24 Stunden nach der Buchung kann die Buchung storniert werden<br \/>\nund es werden keine Stornogeb\u00fchren erhoben, au\u00dfer bei<br \/>\nLast-Minute-Buchungen, die 48 Stunden vor dem Anreisedatum erfolgen.<\/p>\n<h2>Abbrechen:<\/h2>\n<ul>\n<li>Sie k\u00f6nnen bis zu 7 Tage vor dem Anreisedatum kostenlos stornieren.<\/li>\n<li>Wenn Sie innerhalb von 7 Tagen vor der Ankunft stornieren, m\u00fcssen Sie uns den vollen Betrag zahlen.<\/li>\n<\/ul>\n<p>Kikkertstraat 17 | 1795 AA De Cocksdorp | T. 0222-365067 | M. 06-55347278<br \/>\nE-Mail: info@bnbdemoerbei.nl | Website: bnbdemoerbei.nl<br \/>\nKontonummer IBAN: NL77RABO 0308872762 | Handelskammer 6519543<\/p>\n","protected":false},"excerpt":{"rendered":"<p>Annullierungspolitik Reflexionsphase: Bis zu 24 Stunden nach der Buchung kann die Buchung storniert werden und es werden keine Stornogeb\u00fchren erhoben, au\u00dfer bei Last-Minute-Buchungen, die 48 Stunden vor dem Anreisedatum erfolgen. Abbrechen: Sie k\u00f6nnen bis zu 7 Tage vor dem Anreisedatum kostenlos stornieren. Wenn Sie innerhalb von 7 Tagen vor der Ankunft stornieren, m\u00fcssen Sie uns [&hellip;]<\/p>\n","protected":false},"author":1,"featured_media":0,"parent":0,"menu_order":39,"comment_status":"closed","ping_status":"closed","template":"","meta":{"_et_pb_use_builder":"","_et_pb_old_content":"","_et_gb_content_width":"","footnotes":""},"class_list":["post-1679","page","type-page","status-publish","hentry"],"_links":{"self":[{"href":"https:\/\/bnbdemoerbei.nl\/de\/wp-json\/wp\/v2\/pages\/1679","targetHints":{"allow":["GET"]}}],"collection":[{"href":"https:\/\/bnbdemoerbei.nl\/de\/wp-json\/wp\/v2\/pages"}],"about":[{"href":"https:\/\/bnbdemoerbei.nl\/de\/wp-json\/wp\/v2\/types\/page"}],"author":[{"embeddable":true,"href":"https:\/\/bnbdemoerbei.nl\/de\/wp-json\/wp\/v2\/users\/1"}],"replies":[{"embeddable":true,"href":"https:\/\/bnbdemoerbei.nl\/de\/wp-json\/wp\/v2\/comments?post=1679"}],"version-history":[{"count":0,"href":"https:\/\/bnbdemoerbei.nl\/de\/wp-json\/wp\/v2\/pages\/1679\/revisions"}],"wp:attachment":[{"href":"https:\/\/bnbdemoerbei.nl\/de\/wp-json\/wp\/v2\/media?parent=1679"}],"curies":[{"name":"wp","href":"https:\/\/api.w.org\/{rel}","templated":true}]}}